{"id":979,"date":"2021-06-04T18:12:40","date_gmt":"2021-06-05T01:12:40","guid":{"rendered":"https:\/\/cardenasmarket.wpengine.com\/?page_id=979"},"modified":"2021-06-04T18:12:41","modified_gmt":"2021-06-05T01:12:41","slug":"politica-de-precision-de-precios","status":"publish","type":"page","link":"https:\/\/staging.cardenasmarkets.com\/es\/politica-de-precision-de-precios\/","title":{"rendered":"Pol\u00edtica de precisi\u00f3n de precios"},"content":{"rendered":"\n<p>\u00daltima revisi\u00f3n: 21 DE ABRIL DE 2021<\/p>\n\n\n\n<p>Cardenas Markets, LLC est\u00e1 comprometida con la precisi\u00f3n de precios. La Pol\u00edtica de precisi\u00f3n de precios es parte de la orientaci\u00f3n para nuevos empleados para todos los cajeros y el equipo de administraci\u00f3n de la tienda. Nuestros equipos de An\u00e1lisis de tiendas realizan inspecciones de verificaci\u00f3n de precios de rutina. Si se le cobr\u00f3 m\u00e1s que el precio anunciado, lo corregiremos de inmediato y le cobraremos el precio m\u00e1s bajo.<\/p>\n\n\n\n<p><strong>Qu\u00e9 hacer:<\/strong>&nbsp;Si un art\u00edculo indica un precio m\u00e1s alto que el precio anunciado, informe a su Cajero y se llamar\u00e1 a un Gerente.<\/p>\n","protected":false},"excerpt":{"rendered":"<p>\u00daltima revisi\u00f3n: 21 DE ABRIL DE 2021 Cardenas Markets, LLC est\u00e1 comprometida con la precisi\u00f3n de precios. La Pol\u00edtica de precisi\u00f3n de precios es parte de la orientaci\u00f3n para nuevos empleados para todos los cajeros y el equipo de administraci\u00f3n de la tienda. Nuestros equipos de An\u00e1lisis de tiendas realizan inspecciones de verificaci\u00f3n de precios [&hellip;]<\/p>\n","protected":false},"author":3,"featured_media":0,"parent":0,"menu_order":0,"comment_status":"closed","ping_status":"closed","template":"","meta":{"_acf_changed":false,"inline_featured_image":false,"footnotes":""},"class_list":["post-979","page","type-page","status-publish","hentry"],"acf":[],"_links":{"self":[{"href":"https:\/\/staging.cardenasmarkets.com\/es\/wp-json\/wp\/v2\/pages\/979","targetHints":{"allow":["GET"]}}],"collection":[{"href":"https:\/\/staging.cardenasmarkets.com\/es\/wp-json\/wp\/v2\/pages"}],"about":[{"href":"https:\/\/staging.cardenasmarkets.com\/es\/wp-json\/wp\/v2\/types\/page"}],"author":[{"embeddable":true,"href":"https:\/\/staging.cardenasmarkets.com\/es\/wp-json\/wp\/v2\/users\/3"}],"replies":[{"embeddable":true,"href":"https:\/\/staging.cardenasmarkets.com\/es\/wp-json\/wp\/v2\/comments?post=979"}],"version-history":[{"count":0,"href":"https:\/\/staging.cardenasmarkets.com\/es\/wp-json\/wp\/v2\/pages\/979\/revisions"}],"wp:attachment":[{"href":"https:\/\/staging.cardenasmarkets.com\/es\/wp-json\/wp\/v2\/media?parent=979"}],"curies":[{"name":"wp","href":"https:\/\/api.w.org\/{rel}","templated":true}]}}