{"id":2334,"date":"2022-07-18T15:54:34","date_gmt":"2022-07-18T22:54:34","guid":{"rendered":"https:\/\/staging.cardenasmarkets.com\/?page_id=2334"},"modified":"2022-08-25T16:33:33","modified_gmt":"2022-08-25T23:33:33","slug":"productos-para-empresas","status":"publish","type":"page","link":"https:\/\/staging.cardenasmarkets.com\/es\/productos-para-empresas\/","title":{"rendered":"Productos Para Empresas"},"content":{"rendered":"\n<h4 class=\"wp-block-heading\">Productos Clave de Tortiller\u00eda<\/h4>\n\n\n\n<p>Cardenas Markets se compromete a proporcionar las ofertas m\u00e1s aut\u00e9nticas y los productos m\u00e1s frescos que celebran la vida, nuestra rica cultura y sus tradiciones. Estamos emocionados de extender nuestra excepcional l\u00ednea de productos de Tortilleria a granel, a negocios locales, restaurantes e industrias de servicios alimenticios.<\/p>\n\n\n\n<p>En esta p\u00e1gina, descubrir\u00e1s nuestra l\u00ednea de productos Tortiller\u00eda que elevar\u00e1n y mejorar\u00e1n tus ofertas de alimentos.<\/p>\n\n\n\n<div style=\"height:40px\" aria-hidden=\"true\" class=\"wp-block-spacer\"><\/div>\n\n\n\n<div class=\"wp-block-columns is-layout-flex wp-container-core-columns-is-layout-9d6595d7 wp-block-columns-is-layout-flex\">\n<div class=\"wp-block-column is-layout-flow wp-block-column-is-layout-flow\" style=\"flex-basis:33.33%\">\n<figure class=\"wp-block-image size-full\"><img loading=\"lazy\" decoding=\"async\" width=\"500\" height=\"500\" src=\"https:\/\/staging.cardenasmarkets.com\/wp-content\/uploads\/chips.jpg\" alt=\"Tortilla Chips\" class=\"wp-image-2312\"\/><\/figure>\n<\/div>\n\n\n\n<div class=\"wp-block-column is-layout-flow wp-block-column-is-layout-flow\" style=\"flex-basis:66.66%\">\n<p><strong>TOSTADAS Y TOTOPOS<\/strong><\/p>\n\n\n\n<p>Cardenas Markets Tortilla Chips est\u00e1n elaborados con harina de ma\u00edz integral superior. Nuestros chips son perfectos para combinar con salsa picante.<\/p>\n\n\n\n<ul class=\"wp-block-list\"><li>Chips Estilo Casero 16oz (4\/case)<\/li><li>Chips Estilo Mexicano 16oz (6\/case)<\/li><li>Tostadas Botanera 26ct (20\/case)<\/li><li>Tostadas Rancheritas 22ct (16\/case)<\/li><\/ul>\n<\/div>\n<\/div>\n\n\n\n<hr class=\"wp-block-separator has-alpha-channel-opacity\"\/>\n\n\n\n<div style=\"height:40px\" aria-hidden=\"true\" class=\"wp-block-spacer\"><\/div>\n\n\n\n<div class=\"wp-block-columns is-layout-flex wp-container-core-columns-is-layout-9d6595d7 wp-block-columns-is-layout-flex\">\n<div class=\"wp-block-column is-layout-flow wp-block-column-is-layout-flow\" style=\"flex-basis:33.33%\">\n<figure class=\"wp-block-image size-full\"><img loading=\"lazy\" decoding=\"async\" width=\"500\" height=\"500\" src=\"https:\/\/staging.cardenasmarkets.com\/wp-content\/uploads\/tortillas-de-maiz.jpg\" alt=\"\" class=\"wp-image-2317\"\/><\/figure>\n<\/div>\n\n\n\n<div class=\"wp-block-column is-layout-flow wp-block-column-is-layout-flow\" style=\"flex-basis:66.66%\">\n<p><strong>TORTILLAS DE MA\u00cdZ<\/strong><\/p>\n\n\n\n<p>Las tortillas de ma\u00edz de C\u00e1rdenas Markets se pueden usar para complementar una variedad de recetas cl\u00e1sicas mexicanas. Nuestras tortillas son de ma\u00edz 100% seleccionado, y elaboradas utilizando el proceso de nixtamalizaci\u00f3n. Tienen una textura s\u00faper suave y sabor aut\u00e9ntico.<\/p>\n\n\n\n<ul class=\"wp-block-list\"><li>4\u201d Corn Tortillas 60ct (15\/case)<\/li><li>6\u201d Corn Tortillas 75ct (8\/case)<\/li><li>6\u201d Corn Tortillas 100ct (8\/case)<\/li><li>6.25\u201d Corn Tortillas 48ct (12\/case)<\/li><\/ul>\n<\/div>\n<\/div>\n\n\n\n<hr class=\"wp-block-separator has-alpha-channel-opacity\"\/>\n\n\n\n<div style=\"height:40px\" aria-hidden=\"true\" class=\"wp-block-spacer\"><\/div>\n\n\n\n<div class=\"wp-block-columns is-layout-flex wp-container-core-columns-is-layout-9d6595d7 wp-block-columns-is-layout-flex\">\n<div class=\"wp-block-column is-layout-flow wp-block-column-is-layout-flow\" style=\"flex-basis:33.33%\">\n<figure class=\"wp-block-image size-full\"><img loading=\"lazy\" decoding=\"async\" width=\"500\" height=\"500\" src=\"https:\/\/staging.cardenasmarkets.com\/wp-content\/uploads\/flour-tortillas.jpg\" alt=\"\" class=\"wp-image-2322\"\/><\/figure>\n<\/div>\n\n\n\n<div class=\"wp-block-column is-layout-flow wp-block-column-is-layout-flow\" style=\"flex-basis:66.66%\">\n<p><strong>TORTILLAS DE HARINA<\/strong><\/p>\n\n\n\n<p>Las tortillas de harina de Cardenas Markets se pueden usar para una variedad de recetas de tacos, burritos y fajitas. Nuestro estilo \u00abSonora\u00bb es una de las favoritas de nuestros clientes.<\/p>\n\n\n\n<ul class=\"wp-block-list\"><li>5\u201d Sonora Style Tortillas &#8211; 18 ct (28\/case)<\/li><li>8\u201d Sonora Style Tortillas &#8211; 18 ct (28\/case)<\/li><li>12\u201d Sonora Style Tortillas &#8211; 8 ct (12\/case)<\/li><li>5\u201d Flour Tortillas &#8211; 20 ct (28\/case)<\/li><li>8\u201d Flour Tortillas &#8211; 18 ct (28\/case)<\/li><li>12\u201d Flour Tortillas &#8211; 8 ct (12\/case))<\/li><\/ul>\n<\/div>\n<\/div>\n\n\n\n<hr class=\"wp-block-separator has-alpha-channel-opacity\"\/>\n\n\n\n<div style=\"height:40px\" aria-hidden=\"true\" class=\"wp-block-spacer\"><\/div>\n\n\n\n<div class=\"wp-block-columns is-layout-flex wp-container-core-columns-is-layout-9d6595d7 wp-block-columns-is-layout-flex\">\n<div class=\"wp-block-column is-layout-flow wp-block-column-is-layout-flow\" style=\"flex-basis:33.33%\">\n<figure class=\"wp-block-image size-full\"><img loading=\"lazy\" decoding=\"async\" width=\"500\" height=\"500\" src=\"https:\/\/staging.cardenasmarkets.com\/wp-content\/uploads\/masa-image.jpg\" alt=\"\" class=\"wp-image-2324\"\/><\/figure>\n<\/div>\n\n\n\n<div class=\"wp-block-column is-layout-flow wp-block-column-is-layout-flow\" style=\"flex-basis:66.66%\">\n<p><strong>MASA POR LA LIBRA<\/strong><\/p>\n\n\n\n<p>Cardenas Markets Masa se prepara al d\u00eda y en casa con nuestra receta original que contiene 100% Nixtamal. Con nuestra Masa, estar\u00e1s haciendo las mejores tortillas y tamales del barrio. Pregunta sobre tiendas seleccionadas para conocer la disponibilidad.<\/p>\n\n\n\n<ul class=\"wp-block-list\"><li>Masa para Tortillas<\/li><li>Masa para Tamales<\/li><li>Masa &#8211; Blanca y Amarilla<\/li><li>Masa Sin Preparar<\/li><\/ul>\n<\/div>\n<\/div>\n","protected":false},"excerpt":{"rendered":"<p>Ahora tenemos productos de Tortiller\u00eda disponibles para la compra a granel a trav\u00e9s de B2B Ventas a Empresas. Obt\u00e9n m\u00e1s informaci\u00f3n a continuaci\u00f3n.<\/p>\n","protected":false},"author":8,"featured_media":0,"parent":0,"menu_order":0,"comment_status":"closed","ping_status":"closed","template":"","meta":{"_acf_changed":false,"inline_featured_image":false,"footnotes":""},"class_list":["post-2334","page","type-page","status-publish","hentry"],"acf":[],"_links":{"self":[{"href":"https:\/\/staging.cardenasmarkets.com\/es\/wp-json\/wp\/v2\/pages\/2334","targetHints":{"allow":["GET"]}}],"collection":[{"href":"https:\/\/staging.cardenasmarkets.com\/es\/wp-json\/wp\/v2\/pages"}],"about":[{"href":"https:\/\/staging.cardenasmarkets.com\/es\/wp-json\/wp\/v2\/types\/page"}],"author":[{"embeddable":true,"href":"https:\/\/staging.cardenasmarkets.com\/es\/wp-json\/wp\/v2\/users\/8"}],"replies":[{"embeddable":true,"href":"https:\/\/staging.cardenasmarkets.com\/es\/wp-json\/wp\/v2\/comments?post=2334"}],"version-history":[{"count":0,"href":"https:\/\/staging.cardenasmarkets.com\/es\/wp-json\/wp\/v2\/pages\/2334\/revisions"}],"wp:attachment":[{"href":"https:\/\/staging.cardenasmarkets.com\/es\/wp-json\/wp\/v2\/media?parent=2334"}],"curies":[{"name":"wp","href":"https:\/\/api.w.org\/{rel}","templated":true}]}}