{"id":2113,"date":"2022-04-20T07:53:24","date_gmt":"2022-04-20T14:53:24","guid":{"rendered":"https:\/\/staging.cardenasmarkets.com\/?page_id=2113"},"modified":"2024-08-19T16:00:32","modified_gmt":"2024-08-19T23:00:32","slug":"cardenas-markets-loteria","status":"publish","type":"page","link":"https:\/\/staging.cardenasmarkets.com\/es\/cardenas-markets-loteria\/","title":{"rendered":"Cardenas Markets Loter\u00eda\u00ae"},"content":{"rendered":"\n<figure class=\"wp-block-image size-full\"><img loading=\"lazy\" decoding=\"async\" width=\"1460\" height=\"1180\" src=\"https:\/\/staging.cardenasmarkets.com\/wp-content\/uploads\/CMKTS-Web-Loteria-LP-Hero.jpg\" alt=\"Cardenas Loteria hero image showing a scratcher and prizes floating around the scratcher with the Loteria logo in the background\" class=\"wp-image-3834\" srcset=\"https:\/\/staging.cardenasmarkets.com\/wp-content\/uploads\/CMKTS-Web-Loteria-LP-Hero.jpg 1460w, https:\/\/staging.cardenasmarkets.com\/wp-content\/uploads\/CMKTS-Web-Loteria-LP-Hero-768x621.jpg 768w\" sizes=\"auto, (max-width: 1460px) 100vw, 1460px\" \/><\/figure>\n\n\n\n<h4 class=\"wp-block-heading\">\u00a1Gracias por haber jugado Cardenas Markets Loter\u00eda!<\/h4>\n\n\n\n<p>El per\u00edodo de distribuci\u00f3n de tarjetas para raspar finaliz\u00f3 el 13 de agosto de 2024, \u00a1con la oportunidad de ganar $700K EN PREMIOS! Actualmente nos estamos poniendo en contacto con los ganadores para entregar los premios.<\/p>\n\n\n\n<div style=\"height:26px\" aria-hidden=\"true\" class=\"wp-block-spacer\"><\/div>\n\n\n\n<hr class=\"wp-block-separator has-alpha-channel-opacity\" \/>\n\n\n\n<div style=\"height:25px\" aria-hidden=\"true\" class=\"wp-block-spacer\"><\/div>\n\n\n\n<p><strong>C\u00f3mo se jug\u00f3 en la tienda<\/strong><\/p>\n\n\n\n<ol class=\"wp-block-list\">\n<li>Durante el periodo de distribuci\u00f3n, nuestros clientes buscaron etiquetas de precio color verde<\/li>\n\n\n\n<li>Compras que conten\u00edan uno o m\u00e1s productos participantes fueron elegibles para recibir una (1) tarjeta para raspar al finalizar la compra.*<\/li>\n\n\n\n<li>\u00a1Clientes rasparon sus tarjetas para la oportunidad de ganar premios instant\u00e1neos!<\/li>\n<\/ol>\n\n\n\n<div style=\"height:25px\" aria-hidden=\"true\" class=\"wp-block-spacer\"><\/div>\n\n\n\n<p><strong><em>\u00a1Actualmente estamos contactando a todos los finalistas del Torneo de Loter\u00eda 2024! \u00a1Est\u00e9n atentos para conocer los detalles sobre los juegos y la lista oficial de ganadores, pr\u00f3ximamente!<\/em><\/strong><\/p>\n\n\n\n<div style=\"height:40px\" aria-hidden=\"true\" class=\"wp-block-spacer\"><\/div>\n\n\n\n<figure class=\"wp-block-embed is-type-video is-provider-youtube wp-block-embed-youtube wp-embed-aspect-16-9 wp-has-aspect-ratio\"><div class=\"wp-block-embed__wrapper\">\n<iframe loading=\"lazy\" title=\"Cardenas Markets Loteria 2024\" width=\"500\" height=\"281\" src=\"https:\/\/www.youtube.com\/embed\/Th0HqZY-0Ow?feature=oembed\" frameborder=\"0\" allow=\"accelerometer; autoplay; clipboard-write; encrypted-media; gyroscope; picture-in-picture; web-share\" referrerpolicy=\"strict-origin-when-cross-origin\" allowfullscreen><\/iframe>\n<\/div><\/figure>\n\n\n\n<div style=\"height:25px\" aria-hidden=\"true\" class=\"wp-block-spacer\"><\/div>\n\n\n\n<div style=\"height:0px\" aria-hidden=\"true\" class=\"wp-block-spacer\"><\/div>\n\n\n\n<p><strong>\u00a1Una de cada cinco tarjetas tuvo un premio instant\u00e1neo!<\/strong><\/p>\n\n\n\n<ul class=\"wp-block-list\">\n<li>Comida y bebidas de nuestra Cocina Mexicana<\/li>\n\n\n\n<li>Panes y Postres de nuestra Panader\u00eda &amp; Pasteler\u00eda<\/li>\n\n\n\n<li>Tortillas de Nixtamal en nuestra Tortiller\u00eda<\/li>\n\n\n\n<li>Productos gratis de nuestros proveedores participantes<\/li>\n<\/ul>\n\n\n\n<div style=\"height:25px\" aria-hidden=\"true\" class=\"wp-block-spacer\"><\/div>\n\n\n\n<hr class=\"wp-block-separator has-css-opacity\" \/>\n\n\n\n<div style=\"height:15px\" aria-hidden=\"true\" class=\"wp-block-spacer\"><\/div>\n\n\n\n<h4 class=\"wp-block-heading\">Nuestros Patrocinadores<\/h4>\n\n\n\n<figure class=\"wp-block-image size-full\"><img loading=\"lazy\" decoding=\"async\" width=\"1462\" height=\"550\" src=\"https:\/\/staging.cardenasmarkets.com\/wp-content\/uploads\/CMKTS-Web-Loteria-LP-Logos.jpg\" alt=\"Cardenas Loteria image with vendor logos\" class=\"wp-image-3836\" srcset=\"https:\/\/staging.cardenasmarkets.com\/wp-content\/uploads\/CMKTS-Web-Loteria-LP-Logos.jpg 1462w, https:\/\/staging.cardenasmarkets.com\/wp-content\/uploads\/CMKTS-Web-Loteria-LP-Logos-768x289.jpg 768w\" sizes=\"auto, (max-width: 1462px) 100vw, 1462px\" \/><\/figure>\n\n\n<a href=\"https:\/\/staging.cardenasmarkets.com\/wp-content\/uploads\/CM_ParticipatingProducts_2024_Loteria_V1.pdf\" role=\"button\" class=\"btn btn-primary\"  id=\"button-block_5088964bad4976965a45429085f3dc5f\">\n\tProductos Participantes<\/a>\n\n\n\n<div style=\"height:25px\" aria-hidden=\"true\" class=\"wp-block-spacer\"><\/div>\n\n\n\n<h4 class=\"wp-block-heading\">*Reglas Oficiales<\/h4>\n\n\n<a href=\"https:\/\/staging.cardenasmarkets.com\/wp-content\/uploads\/Cardenas-Markets-Loteria-2024-Official-Rules.pdf\" role=\"button\" class=\"btn btn-primary\"  id=\"button-block_d9195f82ecec64767341a6bb8fdfb6f2\">\n\tHaz Cl\u00edc<\/a>\n","protected":false},"excerpt":{"rendered":"<p>\u00a1Gracias por haber jugado Cardenas Markets Loter\u00eda! El per\u00edodo de distribuci\u00f3n de tarjetas para raspar finaliz\u00f3 el 13 de agosto de 2024, \u00a1con la oportunidad de ganar $700K EN PREMIOS! Actualmente nos estamos poniendo en contacto con los ganadores para entregar los premios. C\u00f3mo se jug\u00f3 en la tienda \u00a1Actualmente estamos contactando a todos los [&hellip;]<\/p>\n","protected":false},"author":8,"featured_media":0,"parent":0,"menu_order":0,"comment_status":"closed","ping_status":"closed","template":"","meta":{"_acf_changed":true,"inline_featured_image":false,"footnotes":""},"class_list":["post-2113","page","type-page","status-publish","hentry"],"acf":[],"_links":{"self":[{"href":"https:\/\/staging.cardenasmarkets.com\/es\/wp-json\/wp\/v2\/pages\/2113","targetHints":{"allow":["GET"]}}],"collection":[{"href":"https:\/\/staging.cardenasmarkets.com\/es\/wp-json\/wp\/v2\/pages"}],"about":[{"href":"https:\/\/staging.cardenasmarkets.com\/es\/wp-json\/wp\/v2\/types\/page"}],"author":[{"embeddable":true,"href":"https:\/\/staging.cardenasmarkets.com\/es\/wp-json\/wp\/v2\/users\/8"}],"replies":[{"embeddable":true,"href":"https:\/\/staging.cardenasmarkets.com\/es\/wp-json\/wp\/v2\/comments?post=2113"}],"version-history":[{"count":0,"href":"https:\/\/staging.cardenasmarkets.com\/es\/wp-json\/wp\/v2\/pages\/2113\/revisions"}],"wp:attachment":[{"href":"https:\/\/staging.cardenasmarkets.com\/es\/wp-json\/wp\/v2\/media?parent=2113"}],"curies":[{"name":"wp","href":"https:\/\/api.w.org\/{rel}","templated":true}]}}